{"id":452,"date":"2021-12-28T11:16:35","date_gmt":"2021-12-28T09:16:35","guid":{"rendered":"http:\/\/mapes-conceptuals-mentals.aula.uoc.edu\/?page_id=452"},"modified":"2022-01-24T18:20:28","modified_gmt":"2022-01-24T16:20:28","slug":"2-6-herramientas-digitales-para-elaborar-mapas-mentales","status":"publish","type":"page","link":"http:\/\/mapes-conceptuals-mentals.aula.uoc.edu\/es\/2-6-herramientas-digitales-para-elaborar-mapas-mentales\/","title":{"rendered":"2.6. Herramientas digitales para elaborar mapas mentales"},"content":{"rendered":"<p>Existen varias herramientas digitales \u00fatiles (programas y aplicaciones) para crear mapas mentales. Todas ellas se caracterizan por ser f\u00e1ciles de utilizar, flexibles, aportar ejemplos y a menudo ofrecen esquemas de dise\u00f1o o plantillas, adem\u00e1s de disponer de tutoriales propios. Tienen ciertas similitudes, pero cada una de ellas tiene sus especificidades (modos de uso, funcionalidades y variedad de marcos, de l\u00edneas y curvas, formas, etc. que fomentan o limitan la creatividad). Algunas son totalmente gratuitas, gratuitas temporalmente, de gratuidad de algunas de las funciones, y de pago. Algunas permiten la coedici\u00f3n facilitando el trabajo colaborativo y en equipo. Algunas muestran anuncios y publicidad, algunas piden registrarse, algunas crean copias de seguridad, que disponen de almacenamiento propio y restauraci\u00f3n en l\u00ednea, que posibilitan copiar, pegar, duplicar, separar y volver a juntar formas o texto, deshacer y rehacer, contraer y expandir, hacer uso del <em>zoom<\/em>, desplazar, recortar, arrastrar, etc. Hay que prever, tambi\u00e9n, si se limitan al trabajo <em>off-line<\/em>, <em>on-line<\/em> o la combinaci\u00f3n de ambas modalidades. As\u00ed como qu\u00e9 tipo de dispositivo utilizar\u00e9is para la edici\u00f3n, para visionarlo y para compartirlo si es necesario, ya que hay herramientas de opciones y accesos diversos. Estas son algunas de las caracter\u00edsticas propias de cada herramienta que las diversifica y nos ayudan a identificar la m\u00e1s id\u00f3nea para hacer nuestro mapa.<\/p>\n<p>Una vez elaborados los mapas, se pueden compartir en l\u00ednea o exportar a <a class=\"tooltip\"  href=\"javascript:void(0);\" data-toggle=\"popover\" data-placement=\"bottom\" data-content=\"im\u00e1genes .jpeg, .jpg, .png, .tga, .bmp,  mapa de bits, archivos .pdf, archivos de texto, archivos .xml\">distintos formatos.<\/a><\/p>\n<p>A continuaci\u00f3n, se listan algunas aplicaciones que se pueden utilizar para crear mapas mentales. La lista de herramientas que pod\u00e9is usar es muy extensa, por lo que se ha hecho una selecci\u00f3n. Adem\u00e1s, hay que tener en cuenta que estas aplicaciones mejoran constantemente, aparecen de nuevas y algunas desaparecen.<\/p>\n<div class=\"tabletitle\"><p>Tabla 4. Herramientas para construir mapas mentales<\/p>\n<\/div>\n<table width=\"914\">\n<tbody>\n<tr class=\"table-header\">\n<td style=\"text-align: center;\" colspan=\"4\" width=\"581\">Herramientas para construir mapas mentales<\/td>\n<\/tr>\n<tr class=\"table-header-sec\">\n<td style=\"text-align: center;\" width=\"149\">Logo<\/td>\n<td style=\"text-align: center;\" width=\"160\">Nombre y enlace<\/td>\n<td style=\"text-align: center;\" width=\"123\">Logo<\/td>\n<td style=\"text-align: center;\" width=\"149\">Nombre y enlace<\/td>\n<\/tr>\n<tr>\n<td width=\"149\"><img loading=\"lazy\" decoding=\"async\" class=\"alignnone size-full wp-image-304\" src=\"\/wp-content\/uploads\/2021\/12\/image085.png\" alt=\"\" width=\"499\" height=\"101\" srcset=\"\/wp-content\/uploads\/2021\/12\/image085.png 499w, \/wp-content\/uploads\/2021\/12\/image085-300x61.png 300w\" sizes=\"auto, (max-width: 499px) 100vw, 499px\" \/><\/td>\n<td width=\"160\">Bubbl.us<br \/>\n<a href=\"https:\/\/bubbl.us\" target=\"_blank\" rel=\"noopener\">https:\/\/bubbl.us<\/a><\/td>\n<td width=\"123\"><img loading=\"lazy\" decoding=\"async\" class=\"alignnone size-full wp-image-306\" src=\"\/wp-content\/uploads\/2021\/12\/image014-1.png\" alt=\"\" width=\"285\" height=\"177\" \/><\/td>\n<td width=\"149\">GoCongr<br \/>\n<a href=\"https:\/\/www.goconqr.com\/es\" target=\"_blank\" rel=\"noopener\">https:\/\/www.goconqr.com\/es<\/a><\/td>\n<\/tr>\n<tr>\n<td width=\"149\"><img loading=\"lazy\" decoding=\"async\" class=\"alignnone size-full wp-image-302\" src=\"\/wp-content\/uploads\/2021\/12\/image087.png\" alt=\"\" width=\"101\" height=\"97\" \/><\/td>\n<td width=\"160\">Canva<br \/>\n<a href=\"https:\/\/www.canva.com\/es_mx\/graficas\/mapas-mentales\/\" target=\"_blank\" rel=\"noopener\">https:\/\/www.canva.com\/es_mx\/graficas\/mapas-mentales\/<\/a><\/td>\n<td width=\"123\"><img loading=\"lazy\" decoding=\"async\" class=\"alignnone size-full wp-image-300\" src=\"\/wp-content\/uploads\/2021\/12\/image089.jpg\" alt=\"\" width=\"180\" height=\"94\" \/><\/td>\n<td width=\"149\">Wisemapping<br \/>\n<a href=\"http:\/\/www.wisemapping.com\/\" target=\"_blank\" rel=\"noopener\">www.wisemapping.com\/<\/a><\/td>\n<\/tr>\n<tr>\n<td width=\"149\"><img loading=\"lazy\" decoding=\"async\" class=\"alignnone size-full wp-image-298\" src=\"\/wp-content\/uploads\/2021\/12\/image090.png\" alt=\"\" width=\"244\" height=\"70\" \/><\/td>\n<td width=\"160\">MindNode<br \/>\n<a href=\"https:\/\/www.mindnode.com\/\" target=\"_blank\" rel=\"noopener\">https:\/\/www.mindnode.com\/<\/a><\/td>\n<td width=\"123\"><img loading=\"lazy\" decoding=\"async\" class=\"alignnone size-full wp-image-296\" src=\"\/wp-content\/uploads\/2021\/12\/image092.png\" alt=\"\" width=\"202\" height=\"50\" \/><\/td>\n<td width=\"149\">Map Myself<br \/>\n<a href=\"https:\/\/www.mural.co\/\" target=\"_blank\" rel=\"noopener\">https:\/\/www.mural.co\/<\/a><\/td>\n<\/tr>\n<tr>\n<td width=\"149\"><img loading=\"lazy\" decoding=\"async\" class=\"alignnone size-full wp-image-294\" src=\"\/wp-content\/uploads\/2021\/12\/image094.png\" alt=\"\" width=\"467\" height=\"108\" srcset=\"\/wp-content\/uploads\/2021\/12\/image094.png 467w, \/wp-content\/uploads\/2021\/12\/image094-300x69.png 300w\" sizes=\"auto, (max-width: 467px) 100vw, 467px\" \/><\/td>\n<td width=\"160\">Mindmeister<br \/>\n<a href=\"https:\/\/www.mindmeister.com\/es\" target=\"_blank\" rel=\"noopener\">https:\/\/www.mindmeister.com\/es<\/a><\/td>\n<td width=\"123\"><img loading=\"lazy\" decoding=\"async\" class=\"alignnone size-full wp-image-109\" src=\"\/wp-content\/uploads\/2021\/12\/image024.jpg\" alt=\"\" width=\"169\" height=\"46\" \/><\/td>\n<td width=\"149\">iMindMap<br \/>\n<a href=\"https:\/\/imindmap.com\/es\/\" target=\"_blank\" rel=\"noopener\">https:\/\/imindmap.com\/es\/<\/a><\/td>\n<\/tr>\n<tr>\n<td width=\"149\"><img loading=\"lazy\" decoding=\"async\" class=\"alignnone size-full wp-image-111\" src=\"\/wp-content\/uploads\/2021\/12\/image025.jpg\" alt=\"\" width=\"205\" height=\"82\" \/><\/td>\n<td width=\"160\">Freemind<br \/>\n<a href=\"https:\/\/freemind.softonic.com\" target=\"_blank\" rel=\"noopener\">https:\/\/freemind.softonic.com<\/a><br \/>\nActual <a href=\"https:\/\/es.wikipedia.org\/wiki\/Freeplane\" target=\"_blank\" rel=\"noopener\">FreePlane<\/a><\/td>\n<td width=\"123\"><img loading=\"lazy\" decoding=\"async\" class=\"alignnone size-full wp-image-292\" src=\"\/wp-content\/uploads\/2021\/12\/image096.jpg\" alt=\"\" width=\"168\" height=\"44\" \/><\/td>\n<td width=\"149\">EDrawMindmap<br \/>\n<a href=\"https:\/\/www.edrawsoft.com\/freemind.php\" target=\"_blank\" rel=\"noopener\">https:\/\/www.edrawsoft.com\/freemind.php<\/a><\/td>\n<\/tr>\n<tr>\n<td width=\"149\"><img loading=\"lazy\" decoding=\"async\" class=\"alignnone size-full wp-image-290\" src=\"\/wp-content\/uploads\/2021\/12\/image098.jpg\" alt=\"\" width=\"198\" height=\"44\" \/><\/td>\n<td width=\"160\">Mapul<br \/>\n<a href=\"https:\/\/www.mapul.com\/es\" target=\"_blank\" rel=\"noopener\">https:\/\/www.mapul.com\/es<\/a><\/td>\n<td width=\"123\"><img loading=\"lazy\" decoding=\"async\" class=\"alignnone size-full wp-image-288\" src=\"\/wp-content\/uploads\/2021\/12\/image099.jpg\" alt=\"\" width=\"94\" height=\"92\" \/><\/td>\n<td width=\"149\">xMind<br \/>\n<a href=\"http:\/\/www.xmind.net\/\" target=\"_blank\" rel=\"noopener\">www.xmind.net\/<\/a><\/td>\n<\/tr>\n<tr>\n<td width=\"149\"><img loading=\"lazy\" decoding=\"async\" class=\"alignnone size-full wp-image-286\" src=\"\/wp-content\/uploads\/2021\/12\/image100.jpg\" alt=\"\" width=\"416\" height=\"121\" srcset=\"\/wp-content\/uploads\/2021\/12\/image100.jpg 416w, \/wp-content\/uploads\/2021\/12\/image100-300x87.jpg 300w\" sizes=\"auto, (max-width: 416px) 100vw, 416px\" \/><\/td>\n<td width=\"160\">MIND42<br \/>\n<a href=\"https:\/\/mind42.com\/\" target=\"_blank\" rel=\"noopener\">https:\/\/mind42.com\/<\/a><\/td>\n<td width=\"123\"><img loading=\"lazy\" decoding=\"async\" class=\"alignnone size-full wp-image-284\" src=\"\/wp-content\/uploads\/2021\/12\/image101.jpg\" alt=\"\" width=\"175\" height=\"57\" \/><\/td>\n<td width=\"149\">Slatebox<br \/>\n<a href=\"https:\/\/slatebox.com\">https:\/\/slatebox.com<\/a><\/td>\n<\/tr>\n<tr>\n<td width=\"149\"><img loading=\"lazy\" decoding=\"async\" class=\"alignnone size-full wp-image-282\" src=\"\/wp-content\/uploads\/2021\/12\/image102.png\" alt=\"\" width=\"178\" height=\"48\" \/><\/td>\n<td width=\"160\">GitMind<br \/>\n<a href=\"https:\/\/gitmind.com\/es\/\">https:\/\/gitmind.com\/es\/<\/a><\/td>\n<td width=\"123\"><img loading=\"lazy\" decoding=\"async\" class=\"alignnone size-full wp-image-308\" src=\"\/wp-content\/uploads\/2021\/12\/image037-1.jpg\" alt=\"\" width=\"255\" height=\"56\" \/><\/td>\n<td width=\"149\">MIndGenius<br \/>\n<a href=\"https:\/\/www.mindgenius.com\">h<\/a><a href=\"https:\/\/www.mindgenius.com\" target=\"_blank\" rel=\"noopener\">ttps:\/\/www.mindgenius.com<\/a><\/td>\n<\/tr>\n<tr>\n<td width=\"149\"><img loading=\"lazy\" decoding=\"async\" class=\"alignnone size-full wp-image-280\" src=\"\/wp-content\/uploads\/2021\/12\/image105.jpg\" alt=\"\" width=\"71\" height=\"40\" \/><\/td>\n<td width=\"160\">Litpen<br \/>\n<a href=\"https:\/\/www.litpen.com\/\" target=\"_blank\" rel=\"noopener\">https:\/\/www.litpen.com\/<\/a><\/td>\n<td width=\"123\"><img loading=\"lazy\" decoding=\"async\" class=\"alignnone size-full wp-image-278\" src=\"\/wp-content\/uploads\/2021\/12\/image106.png\" alt=\"\" width=\"108\" height=\"45\" \/><\/td>\n<td width=\"149\">Genially<br \/>\n<a href=\"https:\/\/auth.genial.ly\/es\/signup\" target=\"_blank\" rel=\"noopener\">https:\/\/auth.genial.ly\/es\/signup<\/a><\/td>\n<\/tr>\n<tr>\n<td width=\"149\"><img loading=\"lazy\" decoding=\"async\" class=\"alignnone size-full wp-image-276\" src=\"\/wp-content\/uploads\/2021\/12\/image108.png\" alt=\"\" width=\"156\" height=\"56\" \/><\/td>\n<td width=\"160\">Mindly<br \/>\n<a href=\"https:\/\/www.mindlyapp.com\/\" target=\"_blank\" rel=\"noopener\">https:\/\/www.mindlyapp.com\/<\/a><\/td>\n<td width=\"123\"><img loading=\"lazy\" decoding=\"async\" class=\"alignnone size-full wp-image-274\" src=\"\/wp-content\/uploads\/2021\/12\/image110.png\" alt=\"\" width=\"184\" height=\"55\" \/><\/td>\n<td width=\"149\">Mindomo<br \/>\n<a href=\"https:\/\/www.mindomo.com\" target=\"_blank\" rel=\"noopener\">https:\/\/www.mindomo.com<\/a><\/td>\n<\/tr>\n<tr>\n<td width=\"149\"><img loading=\"lazy\" decoding=\"async\" class=\"alignnone size-full wp-image-272\" src=\"\/wp-content\/uploads\/2021\/12\/image112.png\" alt=\"\" width=\"314\" height=\"57\" srcset=\"\/wp-content\/uploads\/2021\/12\/image112.png 314w, \/wp-content\/uploads\/2021\/12\/image112-300x54.png 300w\" sizes=\"auto, (max-width: 314px) 100vw, 314px\" \/><\/td>\n<td width=\"160\">MindManager<br \/>\n<a href=\"https:\/\/www.mindmanager.com\/es\/\" target=\"_blank\" rel=\"noopener\">https:\/\/www.mindmanager.com\/es\/<\/a><\/td>\n<td width=\"123\"><img loading=\"lazy\" decoding=\"async\" class=\"alignnone size-full wp-image-270\" src=\"\/wp-content\/uploads\/2021\/12\/image114.png\" alt=\"\" width=\"92\" height=\"33\" \/><\/td>\n<td width=\"149\">Mind42<br \/>\n<a href=\"https:\/\/mind42.com\" target=\"_blank\" rel=\"noopener\">https:\/\/mind42.com<\/a><\/td>\n<\/tr>\n<tr>\n<td width=\"149\"><img loading=\"lazy\" decoding=\"async\" class=\"alignnone size-full wp-image-268\" src=\"\/wp-content\/uploads\/2021\/12\/image116.png\" alt=\"\" width=\"101\" height=\"28\" \/><\/td>\n<td width=\"160\">Semantik<br \/>\n<a href=\"https:\/\/www.linux-apps.com\/p\/1127039\" target=\"_blank\" rel=\"noopener\">https:\/\/www.linux-apps.com\/p\/1127039<\/a><\/td>\n<td width=\"123\"><img loading=\"lazy\" decoding=\"async\" class=\"alignnone size-full wp-image-266\" src=\"\/wp-content\/uploads\/2021\/12\/image118.png\" alt=\"\" width=\"198\" height=\"58\" \/><\/td>\n<td width=\"149\">SimpleMind<br \/>\n<a href=\"https:\/\/simplemind.eu\/\" target=\"_blank\" rel=\"noopener\">https:\/\/simplemind.eu\/<\/a><\/td>\n<\/tr>\n<\/tbody>\n<\/table>\n<div class=\"tablefooter\"><p>Fuente: elaboraci\u00f3n propia<\/p>\n<\/div>\n","protected":false},"excerpt":{"rendered":"<p>Existen varias herramientas digitales \u00fatiles (programas y aplicaciones) para crear mapas mentales. Todas ellas se caracterizan por ser f\u00e1ciles de utilizar, flexibles, aportar ejemplos y a menudo ofrecen esquemas de dise\u00f1o o plantillas, adem\u00e1s de disponer de tutoriales propios. Tienen ciertas similitudes, pero cada una de ellas tiene sus especificidades (modos de uso, funcionalidades y [&hellip;]<\/p>\n","protected":false},"author":2,"featured_media":0,"parent":0,"menu_order":0,"comment_status":"closed","ping_status":"closed","template":"","meta":{"footnotes":""},"class_list":["post-452","page","type-page","status-publish","hentry"],"acf":[],"_links":{"self":[{"href":"http:\/\/mapes-conceptuals-mentals.aula.uoc.edu\/es\/wp-json\/wp\/v2\/pages\/452","targetHints":{"allow":["GET"]}}],"collection":[{"href":"http:\/\/mapes-conceptuals-mentals.aula.uoc.edu\/es\/wp-json\/wp\/v2\/pages"}],"about":[{"href":"http:\/\/mapes-conceptuals-mentals.aula.uoc.edu\/es\/wp-json\/wp\/v2\/types\/page"}],"author":[{"embeddable":true,"href":"http:\/\/mapes-conceptuals-mentals.aula.uoc.edu\/es\/wp-json\/wp\/v2\/users\/2"}],"replies":[{"embeddable":true,"href":"http:\/\/mapes-conceptuals-mentals.aula.uoc.edu\/es\/wp-json\/wp\/v2\/comments?post=452"}],"version-history":[{"count":4,"href":"http:\/\/mapes-conceptuals-mentals.aula.uoc.edu\/es\/wp-json\/wp\/v2\/pages\/452\/revisions"}],"predecessor-version":[{"id":594,"href":"http:\/\/mapes-conceptuals-mentals.aula.uoc.edu\/es\/wp-json\/wp\/v2\/pages\/452\/revisions\/594"}],"wp:attachment":[{"href":"http:\/\/mapes-conceptuals-mentals.aula.uoc.edu\/es\/wp-json\/wp\/v2\/media?parent=452"}],"curies":[{"name":"wp","href":"https:\/\/api.w.org\/{rel}","templated":true}]}}