{"id":430,"date":"2021-12-28T10:28:30","date_gmt":"2021-12-28T08:28:30","guid":{"rendered":"http:\/\/mapes-conceptuals-mentals.aula.uoc.edu\/?page_id=430"},"modified":"2022-02-08T10:40:56","modified_gmt":"2022-02-08T08:40:56","slug":"2-1-que-es-un-mapa-mental","status":"publish","type":"page","link":"http:\/\/mapes-conceptuals-mentals.aula.uoc.edu\/es\/2-1-que-es-un-mapa-mental\/","title":{"rendered":"2.1. \u00bfQu\u00e9 es un mapa mental?"},"content":{"rendered":"<p>El origen del mapa mental se remonta a la antig\u00fcedad, cuando el fil\u00f3sofo Arist\u00f3teles invent\u00f3 el sistema jer\u00e1rquico de representaci\u00f3n de ideas. M\u00e1s tarde, influenciado por los trabajos de Leonardo da Vinci y sobre la base de que es m\u00e1s f\u00e1cil recordar una imagen que un texto largo, Tony Buzan populariz\u00f3 los mapas mentales.<\/p>\n<blockquote><p>\u00abEl Mapa Mental es la expresi\u00f3n del pensamiento irradiante y, por tanto, una funci\u00f3n natural de la mente. Es una t\u00e9cnica gr\u00e1fica que nos ofrece una clave maestra para acceder al potencial de nuestro cerebro [&#8230;]\u00bb<\/p><\/blockquote>\n<div class=\"blockquote-author\"><p>(Buzan, 2018).<\/p>\n<\/div>\n<p>Un mapa mental es una forma visual de organizar, generar y aprender conocimiento. Es un gr\u00e1fico que representa un conocimiento o un pensamiento mediante la combinaci\u00f3n de palabras e im\u00e1genes. Los mapas mentales relacionan la l\u00f3gica y la creatividad. Desglosan informaci\u00f3n compleja ayudando a comprenderla y a ver conexiones entre diferentes ideas, conceptos, temas, procesos, etc. Detr\u00e1s de un mapa mental hay una estrategia metacognitiva que fomenta la <a class=\"tooltip\"  href=\"javascript:void(0);\" data-toggle=\"popover\" data-placement=\"bottom\" data-content=\"\u201cBueno, D. (2020). El \u00c1gora de la neuroeducaci\u00f3n: la neuroeducaci\u00f3n explicada y aplicada. Octaedro.\u201d\">neuroeducaci\u00f3n<\/a> y desarrolla ideas.<\/p>\n<figure id=\"attachment_193\" aria-describedby=\"caption-attachment-193\" style=\"width: 698px\" class=\"wp-caption alignnone\"><img loading=\"lazy\" decoding=\"async\" class=\"wp-image-193 size-full\" src=\"\/wp-content\/uploads\/2021\/12\/43189_02.jpg\" alt=\"\" width=\"698\" height=\"328\" srcset=\"\/wp-content\/uploads\/2021\/12\/43189_02.jpg 698w, \/wp-content\/uploads\/2021\/12\/43189_02-300x141.jpg 300w\" sizes=\"auto, (max-width: 698px) 100vw, 698px\" \/><figcaption id=\"caption-attachment-193\" class=\"wp-caption-text\">Figura 9. Ejemplo de mapa mental elaborado manualmente y de mapa mental digital<br \/>Fuente: @RailGun y <a href=\"https:\/\/i0.wp.com\/www.educaciontrespuntocero.com\/wp-content\/uploads\/2017\/11\/mapamental-1.jpg\" target=\"_blank\" rel=\"noopener\">https:\/\/i0.wp.com\/www.educaciontrespuntocero.com\/wp-content\/uploads\/2017\/11\/mapamental-1.jpg<\/a><\/figcaption><\/figure>\n<p>La <strong>evoluci\u00f3n <\/strong><strong>de los mapas mentales<\/strong> recae en la manera de hacerlos, las herramientas utilizadas y las opciones de hacer y rehacer, la posibilidad de agregar materiales diversos y enlaces externos que los hacen <strong>m\u00e1s vivos y din\u00e1micos<\/strong>.<\/p>\n","protected":false},"excerpt":{"rendered":"<p>El origen del mapa mental se remonta a la antig\u00fcedad, cuando el fil\u00f3sofo Arist\u00f3teles invent\u00f3 el sistema jer\u00e1rquico de representaci\u00f3n de ideas. M\u00e1s tarde, influenciado por los trabajos de Leonardo da Vinci y sobre la base de que es m\u00e1s f\u00e1cil recordar una imagen que un texto largo, Tony Buzan populariz\u00f3 los mapas mentales. \u00abEl [&hellip;]<\/p>\n","protected":false},"author":2,"featured_media":0,"parent":0,"menu_order":0,"comment_status":"closed","ping_status":"closed","template":"","meta":{"footnotes":""},"class_list":["post-430","page","type-page","status-publish","hentry"],"acf":[],"_links":{"self":[{"href":"http:\/\/mapes-conceptuals-mentals.aula.uoc.edu\/es\/wp-json\/wp\/v2\/pages\/430","targetHints":{"allow":["GET"]}}],"collection":[{"href":"http:\/\/mapes-conceptuals-mentals.aula.uoc.edu\/es\/wp-json\/wp\/v2\/pages"}],"about":[{"href":"http:\/\/mapes-conceptuals-mentals.aula.uoc.edu\/es\/wp-json\/wp\/v2\/types\/page"}],"author":[{"embeddable":true,"href":"http:\/\/mapes-conceptuals-mentals.aula.uoc.edu\/es\/wp-json\/wp\/v2\/users\/2"}],"replies":[{"embeddable":true,"href":"http:\/\/mapes-conceptuals-mentals.aula.uoc.edu\/es\/wp-json\/wp\/v2\/comments?post=430"}],"version-history":[{"count":7,"href":"http:\/\/mapes-conceptuals-mentals.aula.uoc.edu\/es\/wp-json\/wp\/v2\/pages\/430\/revisions"}],"predecessor-version":[{"id":674,"href":"http:\/\/mapes-conceptuals-mentals.aula.uoc.edu\/es\/wp-json\/wp\/v2\/pages\/430\/revisions\/674"}],"wp:attachment":[{"href":"http:\/\/mapes-conceptuals-mentals.aula.uoc.edu\/es\/wp-json\/wp\/v2\/media?parent=430"}],"curies":[{"name":"wp","href":"https:\/\/api.w.org\/{rel}","templated":true}]}}