{"id":421,"date":"2021-12-28T10:21:31","date_gmt":"2021-12-28T08:21:31","guid":{"rendered":"http:\/\/mapes-conceptuals-mentals.aula.uoc.edu\/?page_id=421"},"modified":"2021-12-28T10:21:31","modified_gmt":"2021-12-28T08:21:31","slug":"1-7-aplicaciones-cotidianas-profesionales-y-educativas-de-los-mapas-conceptuales","status":"publish","type":"page","link":"http:\/\/mapes-conceptuals-mentals.aula.uoc.edu\/es\/1-7-aplicaciones-cotidianas-profesionales-y-educativas-de-los-mapas-conceptuales\/","title":{"rendered":"1.7. Aplicaciones cotidianas, profesionales y educativas de los mapas conceptuales"},"content":{"rendered":"<p>Varios estudios muestran que el mapa conceptual es una estrategia did\u00e1ctica que permite al estudiante analizar conceptos y sintetizar contenidos, lo que facilita un estudio eficaz y mejora el rendimiento acad\u00e9mico. Elaborar un mapa conceptual:<\/p>\n<ul>\n<li>Ayuda a pensar y a aprender.<\/li>\n<li>Implica relacionar informaci\u00f3n y representar el conocimiento.<\/li>\n<li>Consolida conocimiento.<\/li>\n<li>Promueve negociar significados.<\/li>\n<li>Motiva la manera de estudiar y aprender.<\/li>\n<li>Se considera una t\u00e9cnica de estudio.<\/li>\n<li>Permite la cooperaci\u00f3n y la colaboraci\u00f3n.<\/li>\n<li>Etc.<\/li>\n<\/ul>\n<p>Un mapa conceptual tambi\u00e9n se puede usar como instrumento de evaluaci\u00f3n tanto en el \u00e1mbito educativo como profesional y social.<\/p>\n<p>En funci\u00f3n de su finalidad pueden ser elaborados individualmente o en grupo.<\/p>\n","protected":false},"excerpt":{"rendered":"<p>Varios estudios muestran que el mapa conceptual es una estrategia did\u00e1ctica que permite al estudiante analizar conceptos y sintetizar contenidos, lo que facilita un estudio eficaz y mejora el rendimiento acad\u00e9mico. Elaborar un mapa conceptual: Ayuda a pensar y a aprender. Implica relacionar informaci\u00f3n y representar el conocimiento. Consolida conocimiento. Promueve negociar significados. Motiva la [&hellip;]<\/p>\n","protected":false},"author":2,"featured_media":0,"parent":0,"menu_order":0,"comment_status":"closed","ping_status":"closed","template":"","meta":{"footnotes":""},"class_list":["post-421","page","type-page","status-publish","hentry"],"acf":[],"_links":{"self":[{"href":"http:\/\/mapes-conceptuals-mentals.aula.uoc.edu\/es\/wp-json\/wp\/v2\/pages\/421","targetHints":{"allow":["GET"]}}],"collection":[{"href":"http:\/\/mapes-conceptuals-mentals.aula.uoc.edu\/es\/wp-json\/wp\/v2\/pages"}],"about":[{"href":"http:\/\/mapes-conceptuals-mentals.aula.uoc.edu\/es\/wp-json\/wp\/v2\/types\/page"}],"author":[{"embeddable":true,"href":"http:\/\/mapes-conceptuals-mentals.aula.uoc.edu\/es\/wp-json\/wp\/v2\/users\/2"}],"replies":[{"embeddable":true,"href":"http:\/\/mapes-conceptuals-mentals.aula.uoc.edu\/es\/wp-json\/wp\/v2\/comments?post=421"}],"version-history":[{"count":2,"href":"http:\/\/mapes-conceptuals-mentals.aula.uoc.edu\/es\/wp-json\/wp\/v2\/pages\/421\/revisions"}],"predecessor-version":[{"id":423,"href":"http:\/\/mapes-conceptuals-mentals.aula.uoc.edu\/es\/wp-json\/wp\/v2\/pages\/421\/revisions\/423"}],"wp:attachment":[{"href":"http:\/\/mapes-conceptuals-mentals.aula.uoc.edu\/es\/wp-json\/wp\/v2\/media?parent=421"}],"curies":[{"name":"wp","href":"https:\/\/api.w.org\/{rel}","templated":true}]}}