{"id":404,"date":"2021-12-28T10:06:56","date_gmt":"2021-12-28T08:06:56","guid":{"rendered":"http:\/\/mapes-conceptuals-mentals.aula.uoc.edu\/?page_id=404"},"modified":"2022-01-24T17:09:45","modified_gmt":"2022-01-24T15:09:45","slug":"1-2-para-que-sirven-los-mapas-conceptuales","status":"publish","type":"page","link":"http:\/\/mapes-conceptuals-mentals.aula.uoc.edu\/es\/1-2-para-que-sirven-los-mapas-conceptuales\/","title":{"rendered":"1.2. \u00bfPara qu\u00e9 sirven los mapas conceptuales?"},"content":{"rendered":"<p>Un mapa conceptual es una herramienta de planificaci\u00f3n, gesti\u00f3n, aprendizaje y evaluaci\u00f3n basada en:<\/p>\n<ul>\n<li>Comprender y asimilar contenidos (Novak, 1998).<\/li>\n<li>Relacionar informaci\u00f3n.<\/li>\n<li>Representar y compartir conocimiento (Novak, 1998).<\/li>\n<li>Gestionar el conocimiento (Gallego Arrufat, 1996).<\/li>\n<li>Almacenar informaci\u00f3n (Gallego Arrufat, 1996).<\/li>\n<li>Hacer un modelado colaborativo del conocimiento (Gallego Arrufat, 1996).<\/li>\n<li>Evaluar conocimientos profundos (Gallego Arrufat, 1996).<\/li>\n<li>Clarificar el conocimiento (Ben\u00edtez, 2008; Yaber, Lusbin y Muniz, 2008; Romero, Gij\u00f3n y Crisol, 2010; Crisol y Montejo, 2011).<\/li>\n<li>Enriquecer recursos documentales (aportaci\u00f3n visual y gr\u00e1fica).<\/li>\n<li>Sintetizar informaci\u00f3n de manera gr\u00e1fica.<\/li>\n<li>Mostrar la estructura de un recurso documental o did\u00e1ctico.<\/li>\n<li>Estimular el desarrollo de habilidades cognitivas y metacognitivas.<\/li>\n<li>Ense\u00f1ar (Ca\u00f1as, Ford, Novak, Hayes y Suri, 2001).<\/li>\n<li>Autoaprendizaje (Ca\u00f1as <em>et al<\/em>., 2001).<\/li>\n<li>Aprender a aprender (Ca\u00f1as <em>et al<\/em>., 2001).<\/li>\n<\/ul>\n<p>Por lo tanto, se usa en el \u00e1mbito educativo, profesional e, incluso, social y cotidiano con finalidades muy diversas: ense\u00f1ar, aprender, evaluar, mostrar proyectos, resumir informes o textos largos, clarificar contenidos, mapar un recurso o material, estructurar la informaci\u00f3n, pauta de autoevaluaci\u00f3n, gu\u00eda conceptual, etc.<\/p>\n<p>Una de las caracter\u00edsticas de los mapas conceptuales es la reconciliaci\u00f3n integradora. Es decir, los mapas conceptuales permiten, por un lado, reconocer nuevas relaciones entre conjuntos de conceptos y, por otro, se utilizan para valorar las concepciones y relaciones err\u00f3neas que se tienen de los conceptos, reconciliando e integrando los conocimientos previos.<\/p>\n","protected":false},"excerpt":{"rendered":"<p>Un mapa conceptual es una herramienta de planificaci\u00f3n, gesti\u00f3n, aprendizaje y evaluaci\u00f3n basada en: Comprender y asimilar contenidos (Novak, 1998). Relacionar informaci\u00f3n. Representar y compartir conocimiento (Novak, 1998). Gestionar el conocimiento (Gallego Arrufat, 1996). Almacenar informaci\u00f3n (Gallego Arrufat, 1996). Hacer un modelado colaborativo del conocimiento (Gallego Arrufat, 1996). Evaluar conocimientos profundos (Gallego Arrufat, 1996). Clarificar [&hellip;]<\/p>\n","protected":false},"author":2,"featured_media":0,"parent":0,"menu_order":0,"comment_status":"closed","ping_status":"closed","template":"","meta":{"footnotes":""},"class_list":["post-404","page","type-page","status-publish","hentry"],"acf":[],"_links":{"self":[{"href":"http:\/\/mapes-conceptuals-mentals.aula.uoc.edu\/es\/wp-json\/wp\/v2\/pages\/404","targetHints":{"allow":["GET"]}}],"collection":[{"href":"http:\/\/mapes-conceptuals-mentals.aula.uoc.edu\/es\/wp-json\/wp\/v2\/pages"}],"about":[{"href":"http:\/\/mapes-conceptuals-mentals.aula.uoc.edu\/es\/wp-json\/wp\/v2\/types\/page"}],"author":[{"embeddable":true,"href":"http:\/\/mapes-conceptuals-mentals.aula.uoc.edu\/es\/wp-json\/wp\/v2\/users\/2"}],"replies":[{"embeddable":true,"href":"http:\/\/mapes-conceptuals-mentals.aula.uoc.edu\/es\/wp-json\/wp\/v2\/comments?post=404"}],"version-history":[{"count":3,"href":"http:\/\/mapes-conceptuals-mentals.aula.uoc.edu\/es\/wp-json\/wp\/v2\/pages\/404\/revisions"}],"predecessor-version":[{"id":572,"href":"http:\/\/mapes-conceptuals-mentals.aula.uoc.edu\/es\/wp-json\/wp\/v2\/pages\/404\/revisions\/572"}],"wp:attachment":[{"href":"http:\/\/mapes-conceptuals-mentals.aula.uoc.edu\/es\/wp-json\/wp\/v2\/media?parent=404"}],"curies":[{"name":"wp","href":"https:\/\/api.w.org\/{rel}","templated":true}]}}