{"id":394,"date":"2021-12-28T09:51:10","date_gmt":"2021-12-28T07:51:10","guid":{"rendered":"http:\/\/mapes-conceptuals-mentals.aula.uoc.edu\/introduccion\/"},"modified":"2022-01-25T11:58:29","modified_gmt":"2022-01-25T09:58:29","slug":"introduccion","status":"publish","type":"page","link":"http:\/\/mapes-conceptuals-mentals.aula.uoc.edu\/es\/","title":{"rendered":"Introducci\u00f3n"},"content":{"rendered":"<p>Hay que tener presente que no es lo mismo un mapa conceptual que un mapa mental. Ambos son herramientas orientadas a la mejora del aprendizaje (gesti\u00f3n y organizaci\u00f3n de la informaci\u00f3n, comprensi\u00f3n y reflexi\u00f3n, creaci\u00f3n de conocimiento, planificaci\u00f3n, trabajo colaborativo, etc.) mediante la representaci\u00f3n de conceptos y procesos de manera din\u00e1mica y esquematizada, pero cada uno tiene unas caracter\u00edsticas propias. A lo largo de este material se describen sus especificidades, se pauta el proceso de creaci\u00f3n, se muestran ejemplos, se facilitan herramientas digitales para su elaboraci\u00f3n y criterios para su evaluaci\u00f3n.<\/p>\n<p>\u00bfQu\u00e9 son los mapas conceptuales y los mapas mentales? Herramientas para organizar y estructurar contenidos de manera que su comprensi\u00f3n sea m\u00e1s clara y se pueda integrar la informaci\u00f3n dentro de un todo. Tienden a promover la reflexi\u00f3n, la creaci\u00f3n de conocimiento y el aprendizaje.<\/p>\n<div class=\"tabletitle\"><p>Tabla 1. Diferencias b\u00e1sicas entre los mapas conceptuales y los mapas mentales<\/p>\n<\/div>\n<table>\n<tbody>\n<tr>\n<th width=\"20%\"><\/th>\n<th scope=\"col\" width=\"40%\"><strong>Mapa conceptual<\/strong><\/th>\n<th scope=\"col\"><strong>Mapa mental<\/strong><\/th>\n<\/tr>\n<tr>\n<th scope=\"row\"><strong>Elementos<\/strong><\/th>\n<td>Conceptos (palabras clave)<br \/>\nConectores (l\u00edneas y t\u00e9rminos de enlace)<br \/>\n<span style=\"font-family: inherit; font-size: inherit;\">Proposiciones (resultado interrelaciones)<\/span><\/td>\n<td>Idea central<br \/>\nIdeas secundarias (ramificaci\u00f3n)<br \/>\n<span style=\"font-family: inherit; font-size: inherit;\">Asociaci\u00f3n de im\u00e1genes o palabras<\/span><\/td>\n<\/tr>\n<tr>\n<th scope=\"row\"><strong>Estructura<\/strong><\/th>\n<td>Los temas o conceptos se encuentran vinculados por l\u00edneas con preposiciones o palabras conectoras.<\/td>\n<td>Radial, parte de un tema central (n\u00facleo) que se ramifica en secundarios que se relacionan mediante l\u00edneas, colores, s\u00edmbolos e im\u00e1genes.<\/td>\n<\/tr>\n<tr>\n<th scope=\"row\"><strong>Distribuci\u00f3n<\/strong><\/th>\n<td>Ideas expresadas de manera c\u00edclica siguiendo un orden secuencial.<\/td>\n<td>Sin determinar <em>a priori<\/em> y sin sentido l\u00f3gico.<\/td>\n<\/tr>\n<tr>\n<th scope=\"row\"><strong>Apariencia<\/strong><\/th>\n<td>Tendencia al uso reducido de colores. Apariencia neutra.<\/td>\n<td>Tendencia al uso de una gran variedad de colores e im\u00e1genes.<\/td>\n<\/tr>\n<tr>\n<th scope=\"row\"><strong>Fundamento<\/strong><\/th>\n<td>Teor\u00edas del aprendizaje significativo<br \/>\nConocimientos previos<br \/>\n<span style=\"font-family: inherit; font-size: inherit;\">Construcci\u00f3n del conocimiento (discriminaci\u00f3n de conceptos, interrelaci\u00f3n entre ellos, descripci\u00f3n y representaci\u00f3n de contextos)<\/span><\/td>\n<td>Pensamiento creativo (producci\u00f3n explosiva de ideas, primera reconstrucci\u00f3n y revisi\u00f3n, incubaci\u00f3n de ideas, segunda reconstrucci\u00f3n y revisi\u00f3n, b\u00fasqueda de soluci\u00f3n)<br \/>\nPensamiento irradiante<br \/>\nAsociacionismo<br \/>\n<span style=\"font-family: inherit; font-size: inherit;\">Multidimensional<\/span><\/td>\n<\/tr>\n<tr>\n<th scope=\"row\"><strong>Esquema<\/strong><\/th>\n<td>\n<p><figure id=\"attachment_530\" aria-describedby=\"caption-attachment-530\" style=\"width: 250px\" class=\"wp-caption alignnone\"><img loading=\"lazy\" decoding=\"async\" class=\"wp-image-530\" src=\"\/wp-content\/uploads\/2022\/01\/43189_01@2x-2-300x229.png\" alt=\"\" width=\"250\" height=\"191\" srcset=\"\/wp-content\/uploads\/2022\/01\/43189_01@2x-2-300x229.png 300w, \/wp-content\/uploads\/2022\/01\/43189_01@2x-2-1024x783.png 1024w, \/wp-content\/uploads\/2022\/01\/43189_01@2x-2-768x587.png 768w, \/wp-content\/uploads\/2022\/01\/43189_01@2x-2-1536x1174.png 1536w, \/wp-content\/uploads\/2022\/01\/43189_01@2x-2.png 1748w\" sizes=\"auto, (max-width: 250px) 100vw, 250px\" \/><figcaption id=\"caption-attachment-530\" class=\"wp-caption-text\">Figura 1. Diagrama m\u00e1s com\u00fan de mapa conceptual<br \/>Fuente: elaboraci\u00f3n propia<\/figcaption><\/figure><\/td>\n<td>\n<p><figure id=\"attachment_533\" aria-describedby=\"caption-attachment-533\" style=\"width: 250px\" class=\"wp-caption alignnone\"><img loading=\"lazy\" decoding=\"async\" class=\"wp-image-533\" src=\"\/wp-content\/uploads\/2022\/01\/image063-300x181.png\" alt=\"\" width=\"250\" height=\"151\" srcset=\"\/wp-content\/uploads\/2022\/01\/image063-300x181.png 300w, \/wp-content\/uploads\/2022\/01\/image063-768x464.png 768w, \/wp-content\/uploads\/2022\/01\/image063.png 814w\" sizes=\"auto, (max-width: 250px) 100vw, 250px\" \/><figcaption id=\"caption-attachment-533\" class=\"wp-caption-text\">Figura 2. Diagrama m\u00e1s com\u00fan de mapa mental<br \/>Fuente: elaboraci\u00f3n propia<\/figcaption><\/figure><\/td>\n<\/tr>\n<tr>\n<th scope=\"row\"><strong>Pasos<\/strong><\/th>\n<td>1) Haced un listado de conceptos clave<br \/>\n2) Relacionad los conceptos<br \/>\n3) Ordenadlos por importancia<br \/>\n4) Distribuid los conceptos<br \/>\n5) Representad las conexiones entre ellos<\/td>\n<td>1) Definid y ubicad la idea principal<br \/>\n2) Organizad los subtemas<br \/>\n3) Desglosad los subtemas<br \/>\n4) Utilizad diferentes combinaciones de colores<br \/>\n5) Ensayo y error (lluvia creativa de ideas)<\/td>\n<\/tr>\n<tr>\n<th scope=\"row\"><strong>Elaboraci\u00f3n<\/strong><\/th>\n<td>Individual o grupal<\/td>\n<td>Individual o grupal<\/td>\n<\/tr>\n<tr>\n<th scope=\"row\"><strong>Caracter\u00edsticas<\/strong><\/th>\n<td>M\u00e1s textual que gr\u00e1fico<\/td>\n<td>M\u00e1s gr\u00e1fico que textual<\/td>\n<\/tr>\n<tr>\n<th scope=\"row\"><strong>Met\u00e1fora<\/strong><\/th>\n<td>Jerarqu\u00eda<\/td>\n<td>\u00c1rbol (tronco y ramificaciones)<br \/>\n<span style=\"font-family: inherit; font-size: inherit;\">Mapa de una ciudad (cartograf\u00eda urbana)<\/span><\/td>\n<\/tr>\n<tr>\n<th scope=\"row\"><strong>Utilidad<\/strong><\/th>\n<td>Comprensi\u00f3n<br \/>\nEstructuraci\u00f3n<br \/>\nRelaci\u00f3n de informaci\u00f3n<br \/>\nGesti\u00f3n del conocimiento<br \/>\nAlmacenaje de informaci\u00f3n<br \/>\nS\u00edntesis<br \/>\nMapar un material\/recurso<br \/>\n<span style=\"font-family: inherit; font-size: inherit;\">Evaluar conocimientos profundos<\/span><\/td>\n<td>Visi\u00f3n global<br \/>\nOrientaci\u00f3n<br \/>\n<span style=\"font-family: inherit; font-size: inherit;\">Integraci\u00f3n<br \/>\n<\/span>Simplicidad<br \/>\nRecuerdo<br \/>\n<span style=\"font-family: inherit; font-size: inherit;\">Decisiones<br \/>\n<\/span>Soluciones<br \/>\n<span style=\"font-family: inherit; font-size: inherit;\">Creatividad<\/span><\/td>\n<\/tr>\n<\/tbody>\n<\/table>\n<div class=\"tablefooter\"><p>Fuente: elaboraci\u00f3n propia<\/p>\n<\/div>\n","protected":false},"excerpt":{"rendered":"<p>Hay que tener presente que no es lo mismo un mapa conceptual que un mapa mental. Ambos son herramientas orientadas a la mejora del aprendizaje (gesti\u00f3n y organizaci\u00f3n de la informaci\u00f3n, comprensi\u00f3n y reflexi\u00f3n, creaci\u00f3n de conocimiento, planificaci\u00f3n, trabajo colaborativo, etc.) mediante la representaci\u00f3n de conceptos y procesos de manera din\u00e1mica y esquematizada, pero cada [&hellip;]<\/p>\n","protected":false},"author":2,"featured_media":0,"parent":0,"menu_order":0,"comment_status":"closed","ping_status":"closed","template":"","meta":{"footnotes":""},"class_list":["post-394","page","type-page","status-publish","hentry"],"acf":[],"_links":{"self":[{"href":"http:\/\/mapes-conceptuals-mentals.aula.uoc.edu\/es\/wp-json\/wp\/v2\/pages\/394","targetHints":{"allow":["GET"]}}],"collection":[{"href":"http:\/\/mapes-conceptuals-mentals.aula.uoc.edu\/es\/wp-json\/wp\/v2\/pages"}],"about":[{"href":"http:\/\/mapes-conceptuals-mentals.aula.uoc.edu\/es\/wp-json\/wp\/v2\/types\/page"}],"author":[{"embeddable":true,"href":"http:\/\/mapes-conceptuals-mentals.aula.uoc.edu\/es\/wp-json\/wp\/v2\/users\/2"}],"replies":[{"embeddable":true,"href":"http:\/\/mapes-conceptuals-mentals.aula.uoc.edu\/es\/wp-json\/wp\/v2\/comments?post=394"}],"version-history":[{"count":7,"href":"http:\/\/mapes-conceptuals-mentals.aula.uoc.edu\/es\/wp-json\/wp\/v2\/pages\/394\/revisions"}],"predecessor-version":[{"id":621,"href":"http:\/\/mapes-conceptuals-mentals.aula.uoc.edu\/es\/wp-json\/wp\/v2\/pages\/394\/revisions\/621"}],"wp:attachment":[{"href":"http:\/\/mapes-conceptuals-mentals.aula.uoc.edu\/es\/wp-json\/wp\/v2\/media?parent=394"}],"curies":[{"name":"wp","href":"https:\/\/api.w.org\/{rel}","templated":true}]}}